{"id":52,"date":"2024-05-16T13:19:13","date_gmt":"2024-05-16T11:19:13","guid":{"rendered":"https:\/\/terzag.weblogix.it\/?page_id=52"},"modified":"2025-03-31T08:37:01","modified_gmt":"2025-03-31T06:37:01","slug":"vademecum","status":"publish","type":"page","link":"http:\/\/terzag.weblogix.it\/it_it\/vademecum\/","title":{"rendered":"Vademecum"},"content":{"rendered":"\n<p><\/p>\n\n\n\n<p><strong>Accesso alla biblioteca<\/strong><\/p>\n\n\n\n<p>Possono accedere gratuitamente alla biblioteca:<\/p>\n\n\n\n<ul class=\"wp-block-list\">\n<li>tutti i membri della comunit\u00e0 scolastica negli orari di apertura<\/li>\n\n\n\n<li>tutti i cittadini NELL\u2019UNICA APERTURA POMERIDIANA PREVIO APPUNTAMENTO VIA MAIL (<a href=\"mailto:biblioteca@liceolaurana.edu.it\">biblioteca@liceolaurana.edu.it<\/a>).<\/li>\n<\/ul>\n\n\n\n<p>L\u2019accesso ai servizi e alle collezioni si fonda sulla Dichiarazione universale dei diritti dell\u2019uomo delle Nazioni Unite e non \u00e8 soggetto ad alcuna forma di censura ideologica, politica, religiosa o a pressioni commerciali.<\/p>\n\n\n\n<p><strong>Catalogo online<\/strong><\/p>\n\n\n\n<p>La Biblioteca Laurana-Baldi aderisce a Biblio Marche Nord, il catalogo unificato delle biblioteche delle province di Ancona e Pesaro-Urbino aderenti al sistema bibliotecario Marche Nord. Il catalogo consente di reperire tutti i libri e i documenti presenti, tra le altre, anche nella biblioteca del Liceo Laurana-Baldi ed \u00e8 <a href=\"https:\/\/bibliomarchenord.it\/SebinaOpac\/.do\">consultabile gratuitamente da qualsiasi postazione Internet<\/a>.<\/p>\n\n\n\n<p><\/p>\n\n\n\n<p><strong>&nbsp;<\/strong><strong>Iscrizione<\/strong><\/p>\n\n\n\n<p>L\u2019iscrizione alla biblioteca \u00e8 libera e gratuita, ma \u00e8 obbligatoria per accedere ai servizi. &nbsp;Tutti possono iscriversi compilando l\u2019apposito modulo. Per i minori si richiede l\u2019autorizzazione scritta di un genitore o di chi detenga la potest\u00e0 genitoriale.<\/p>\n\n\n\n<p>( <a href=\"https:\/\/terzag.weblogix.it\/wp-content\/uploads\/2025\/03\/Biblioteca-Bozza-modulo-iscrizione-e-privacy-1.pdf\">Modulo Iscrizione <\/a>)<\/p>\n\n\n\n<p><strong>Sale di lettura<\/strong><\/p>\n\n\n\n<p>Gli spazi fisici della biblioteca sono spazi aperti, flessibili e interattivi, adatti a una fruizione sia individuale sia di gruppo per tutte le et\u00e0, in cui \u00e8 possibile lavorare in maniera libera e funzionale, con risorse informative tradizionali e digitali. Infatti la biblioteca mette a disposizione dell\u2019utenza due sale attrezzate per un totale di 30 postazioni di lettura e 2 postazioni informatiche fisse. Le sale di lettura, alle quali \u00e8 possibile accedere liberamente previa iscrizione, debbono essere prenotate almeno due giorni prima nel caso vogliano essere usate dalle classi.<\/p>\n\n\n\n<p><strong>Prestito<\/strong><\/p>\n\n\n\n<p>Il prestito dei materiali della biblioteca \u00e8 libero, gratuito e individuale. Si possono prendere in prestito fino a 5 documenti. La durata del prestito \u00e8 di 30 giorni. Tutto il materiale della Biblioteca \u00e8 ammesso al prestito, fatta eccezione per dizionari, enciclopedie, riviste, libri rari e materiale di pregio a discrezione del personale operante in Biblioteca. I prestiti possono essere prorogati per ulteriori 15 giorni.<\/p>\n\n\n\n<p><strong>Reference<\/strong><\/p>\n\n\n\n<p>Recandosi in biblioteca, o scrivendo a&nbsp;<a href=\"mailto:biblioteca@liceolaurana.edu.it\">biblioteca@liceolaurana.edu.it<\/a>&nbsp;&nbsp;\u00e8 possibile richiedere assistenza nello svolgimento di ricerche bibliografiche, nella localizzazione di risorse documentarie sui cataloghi, nell\u2019orientamento verso altre biblioteche e altri servizi informativi territoriali.<\/p>\n\n\n\n<p><strong>Information literacy<\/strong><\/p>\n\n\n\n<p>La Biblioteca Laurana-Baldi offre assistenza agli utenti, sia interni alla scuola che esterni, in termini di \u201cInformation literacy\u201d. Aiuta cio\u00e8 chiunque ne faccia richiesta a sviluppare la capacit\u00e0 di identificare, individuare, valutare, organizzare, utilizzare e comunicare le informazioni. Infatti la biblioteca offre sostegno nella comprensione ampia e dinamica del contesto cognitivo e dell\u2019ambiente informativo in cui ci troviamo oggi immersi.<\/p>\n\n\n\n<p><strong>Riproduzione di documenti (Document Delivery)<\/strong><\/p>\n\n\n\n<p>\u00c8 possibile richiedere la riproduzione digitale di documenti appartenenti sia alla biblioteca che ad altre biblioteche italiane.&nbsp; Scrivendo a&nbsp;<a href=\"mailto:biblioteca@liceolaurana.edu.it\">biblioteca@liceolaurana.edu.it<\/a>&nbsp;\u00e8 quindi possibile richiedere gratuitamente la scansione di alcune parti di volumi, contributi, articoli di riviste, immagini, secondo i limiti imposti dalla legge.<\/p>\n\n\n\n<p><strong>Servizi informatici e lettura digitale<\/strong><\/p>\n\n\n\n<p>Per la navigazione in internet la biblioteca mette a disposizione degli utenti iscritti n. 2 postazioni informatiche fisse (PC) e n. 6 postazioni informatiche mobili (tablet). I dispositivi digitali sono ad uso interno.<\/p>\n\n\n\n<p><\/p>\n","protected":false},"excerpt":{"rendered":"<p>Accesso alla biblioteca Possono accedere gratuitamente alla biblioteca: L\u2019accesso ai servizi e alle collezioni si fonda sulla Dichiarazione universale dei diritti dell\u2019uomo delle Nazioni Unite e non \u00e8 soggetto ad alcuna forma di censura ideologica, politica, religiosa o a pressioni commerciali. Catalogo online La Biblioteca Laurana-Baldi aderisce a Biblio Marche Nord, il catalogo unificato delle [&hellip;]<\/p>\n","protected":false},"author":1,"featured_media":0,"parent":0,"menu_order":0,"comment_status":"closed","ping_status":"closed","template":"","meta":{"_regular_price":[],"currency_symbol":[],"footnotes":""},"class_list":["post-52","page","type-page","status-publish","hentry"],"post_slider_layout_featured_media_urls":{"thumbnail":"","post_slider_layout_landscape_large":"","post_slider_layout_portrait_large":"","post_slider_layout_square_large":"","post_slider_layout_landscape":"","post_slider_layout_portrait":"","post_slider_layout_square":"","full":""},"_links":{"self":[{"href":"http:\/\/terzag.weblogix.it\/it_it\/wp-json\/wp\/v2\/pages\/52","targetHints":{"allow":["GET"]}}],"collection":[{"href":"http:\/\/terzag.weblogix.it\/it_it\/wp-json\/wp\/v2\/pages"}],"about":[{"href":"http:\/\/terzag.weblogix.it\/it_it\/wp-json\/wp\/v2\/types\/page"}],"author":[{"embeddable":true,"href":"http:\/\/terzag.weblogix.it\/it_it\/wp-json\/wp\/v2\/users\/1"}],"replies":[{"embeddable":true,"href":"http:\/\/terzag.weblogix.it\/it_it\/wp-json\/wp\/v2\/comments?post=52"}],"version-history":[{"count":7,"href":"http:\/\/terzag.weblogix.it\/it_it\/wp-json\/wp\/v2\/pages\/52\/revisions"}],"predecessor-version":[{"id":217,"href":"http:\/\/terzag.weblogix.it\/it_it\/wp-json\/wp\/v2\/pages\/52\/revisions\/217"}],"wp:attachment":[{"href":"http:\/\/terzag.weblogix.it\/it_it\/wp-json\/wp\/v2\/media?parent=52"}],"curies":[{"name":"wp","href":"https:\/\/api.w.org\/{rel}","templated":true}]}}